{"id":36,"date":"2022-10-14T17:35:56","date_gmt":"2022-10-14T17:35:56","guid":{"rendered":"https:\/\/quali2a.fr\/index.php\/home\/"},"modified":"2023-04-04T17:59:31","modified_gmt":"2023-04-04T17:59:31","slug":"home","status":"publish","type":"page","link":"https:\/\/quali2a.fr\/","title":{"rendered":"Accueil"},"content":{"rendered":"<h1>Quali2A<\/h1>\n<p>Audit et Accompagnement en syst\u00e8mes qualit\u00e9.<\/p>\n<p>\t\t\t<a href=\"#apropos\" role=\"button\"><br \/>\n\t\t\t\t\t\tEn savoir plus<br \/>\n\t\t\t\t\t<\/a><br \/>\n\t\t\t\t\t\t\t\t\t\t\t\t\t\t\t<img decoding=\"async\" width=\"800\" height=\"800\" src=\"https:\/\/quali2a.fr\/wp-content\/uploads\/2022\/10\/1598768811066-2.jpeg\" alt=\"Jean-Marc BERNARD\" loading=\"lazy\" srcset=\"https:\/\/quali2a.fr\/wp-content\/uploads\/2022\/10\/1598768811066-2.jpeg 800w, https:\/\/quali2a.fr\/wp-content\/uploads\/2022\/10\/1598768811066-2-300x300.jpeg 300w, https:\/\/quali2a.fr\/wp-content\/uploads\/2022\/10\/1598768811066-2-150x150.jpeg 150w, https:\/\/quali2a.fr\/wp-content\/uploads\/2022\/10\/1598768811066-2-768x768.jpeg 768w\" sizes=\"auto, (max-width: 800px) 100vw, 800px\" \/>\t\t\t\t\t\t\t\t\t\t\t\t\t\t\t<\/p>\n<h2>\u00c0 propos de nous<\/h2>\n<p>Plus de\u00a0<strong>30 ans d\u2019exp\u00e9rience\u00a0<\/strong><\/p>\n<p>EN\u00a0<strong>industrie automobile et a\u00e9ronautique,<\/strong><\/p>\n<p><strong>Jean-Marc<\/strong> <strong>BERNARD <\/strong>propose ses services.<\/p>\n<p>Ses domaines de pr\u00e9dilection :<\/p>\n<ul>\n<li>Plasturgie<\/li>\n<li>Composites<\/li>\n<li>M\u00e9caniques<\/li>\n<li>Automatisation et robotisation<\/li>\n<\/ul>\n<p>\t\t\t<a href=\"#contact\" role=\"button\"><br \/>\n\t\t\t\t\t\tNous contacter<br \/>\n\t\t\t\t\t<\/a><\/p>\n<p>Nos services<\/p>\n<figure><img decoding=\"async\" width=\"1195\" height=\"872\" src=\"https:\/\/quali2a.fr\/wp-content\/uploads\/2023\/03\/Collaborer-conseiletvous.jpg\" alt=\"\" loading=\"lazy\" \/><\/figure>\n<h4>Conseils<\/h4>\n<p>Vous apporter de la valeur ajout\u00e9e technique sur mes diff\u00e9rents domaines d&#8217;expertises.<\/p>\n<p>Ce service est compl\u00e9mentaire \u00e0 l&#8217;audit dans une logique d&#8217;am\u00e9lioration continue.<\/p>\n<figure><img decoding=\"async\" width=\"458\" height=\"278\" src=\"https:\/\/quali2a.fr\/wp-content\/uploads\/2023\/03\/PDCA.png\" alt=\"\" loading=\"lazy\" \/><\/figure>\n<h4>Assistance en gestion<\/h4>\n<p>Pour mettre en place ensemble des proc\u00e9dures d&#8217;am\u00e9lioration continue r\u00e9alistes et durables afin d&#8217;atteindre les objectifs qualit\u00e9 souhait\u00e9s. <\/p>\n<figure><img decoding=\"async\" width=\"698\" height=\"442\" src=\"https:\/\/quali2a.fr\/wp-content\/uploads\/2023\/03\/Accompagnement.jpg\" alt=\"\" loading=\"lazy\" \/><\/figure>\n<h4>Audit et accompagnement<\/h4>\n<p>Pour apporter une expertise professionnelle ext\u00e9rieure sur les diff\u00e9rents syst\u00e8mes qualit\u00e9 suivants :<\/p>\n<p> ISO 9001<br \/>EN 9100 ATT Training<br \/>ISO 45001<br \/>ISO 14001<br \/>\nISO 50001<br \/>ISO 19443<br \/>PCR Personne Comp\u00e9tente en Radioprotection niveau 2  en sources scell\u00e9es et non scell\u00e9es option nucl\u00e9aire<\/p>\n<h2>Ils nous font confiance<\/h2>\n<figure class='gallery-item'>\n\t\t\t\t<a data-elementor-open-lightbox=\"yes\" data-elementor-lightbox-slideshow=\"519beb6f\" data-elementor-lightbox-title=\"logo_alt\" e-action-hash=\"#elementor-action%3Aaction%3Dlightbox%26settings%3DeyJpZCI6MjAwLCJ1cmwiOiJodHRwczpcL1wvcXVhbGkyYS5mclwvd3AtY29udGVudFwvdXBsb2Fkc1wvMjAyM1wvMDFcL2xvZ29fYWx0LnBuZyIsInNsaWRlc2hvdyI6IjUxOWJlYjZmIn0%3D\" href='https:\/\/quali2a.fr\/wp-content\/uploads\/2023\/01\/logo_alt.png'><img decoding=\"async\" width=\"232\" height=\"157\" src=\"https:\/\/quali2a.fr\/wp-content\/uploads\/2023\/01\/logo_alt.png\" alt=\"\" loading=\"lazy\" \/><\/a><br \/>\n\t\t\t<\/figure>\n<figure class='gallery-item'>\n\t\t\t\t<a data-elementor-open-lightbox=\"yes\" data-elementor-lightbox-slideshow=\"519beb6f\" data-elementor-lightbox-title=\"precicast\" e-action-hash=\"#elementor-action%3Aaction%3Dlightbox%26settings%3DeyJpZCI6MTk3LCJ1cmwiOiJodHRwczpcL1wvcXVhbGkyYS5mclwvd3AtY29udGVudFwvdXBsb2Fkc1wvMjAyM1wvMDFcL3ByZWNpY2FzdC5wbmciLCJzbGlkZXNob3ciOiI1MTliZWI2ZiJ9\" href='https:\/\/quali2a.fr\/wp-content\/uploads\/2023\/01\/precicast.png'><img decoding=\"async\" width=\"400\" height=\"400\" src=\"https:\/\/quali2a.fr\/wp-content\/uploads\/2023\/01\/precicast.png\" alt=\"\" loading=\"lazy\" srcset=\"https:\/\/quali2a.fr\/wp-content\/uploads\/2023\/01\/precicast.png 400w, https:\/\/quali2a.fr\/wp-content\/uploads\/2023\/01\/precicast-300x300.png 300w, https:\/\/quali2a.fr\/wp-content\/uploads\/2023\/01\/precicast-150x150.png 150w\" sizes=\"auto, (max-width: 400px) 100vw, 400px\" \/><\/a><br \/>\n\t\t\t<\/figure>\n<figure class='gallery-item'>\n\t\t\t\t<a data-elementor-open-lightbox=\"yes\" data-elementor-lightbox-slideshow=\"519beb6f\" data-elementor-lightbox-title=\"soairtech\" e-action-hash=\"#elementor-action%3Aaction%3Dlightbox%26settings%3DeyJpZCI6MTk4LCJ1cmwiOiJodHRwczpcL1wvcXVhbGkyYS5mclwvd3AtY29udGVudFwvdXBsb2Fkc1wvMjAyM1wvMDFcL3NvYWlydGVjaC5qcGciLCJzbGlkZXNob3ciOiI1MTliZWI2ZiJ9\" href='https:\/\/quali2a.fr\/wp-content\/uploads\/2023\/01\/soairtech.jpg'><img decoding=\"async\" width=\"210\" height=\"88\" src=\"https:\/\/quali2a.fr\/wp-content\/uploads\/2023\/01\/soairtech.jpg\" alt=\"\" loading=\"lazy\" \/><\/a><br \/>\n\t\t\t<\/figure>\n<figure class='gallery-item'>\n\t\t\t\t<a data-elementor-open-lightbox=\"yes\" data-elementor-lightbox-slideshow=\"519beb6f\" data-elementor-lightbox-title=\"tecalemit-tubes-bleu\" e-action-hash=\"#elementor-action%3Aaction%3Dlightbox%26settings%3DeyJpZCI6MTk5LCJ1cmwiOiJodHRwczpcL1wvcXVhbGkyYS5mclwvd3AtY29udGVudFwvdXBsb2Fkc1wvMjAyM1wvMDFcL3RlY2FsZW1pdC10dWJlcy1ibGV1LnBuZyIsInNsaWRlc2hvdyI6IjUxOWJlYjZmIn0%3D\" href='https:\/\/quali2a.fr\/wp-content\/uploads\/2023\/01\/tecalemit-tubes-bleu.png'><img decoding=\"async\" width=\"340\" height=\"156\" src=\"https:\/\/quali2a.fr\/wp-content\/uploads\/2023\/01\/tecalemit-tubes-bleu.png\" alt=\"\" loading=\"lazy\" srcset=\"https:\/\/quali2a.fr\/wp-content\/uploads\/2023\/01\/tecalemit-tubes-bleu.png 340w, https:\/\/quali2a.fr\/wp-content\/uploads\/2023\/01\/tecalemit-tubes-bleu-300x138.png 300w\" sizes=\"auto, (max-width: 340px) 100vw, 340px\" \/><\/a><br \/>\n\t\t\t<\/figure>\n<figure class='gallery-item'>\n\t\t\t\t<a data-elementor-open-lightbox=\"yes\" data-elementor-lightbox-slideshow=\"519beb6f\" data-elementor-lightbox-title=\"LRQA\" e-action-hash=\"#elementor-action%3Aaction%3Dlightbox%26settings%3DeyJpZCI6MTk2LCJ1cmwiOiJodHRwczpcL1wvcXVhbGkyYS5mclwvd3AtY29udGVudFwvdXBsb2Fkc1wvMjAyM1wvMDFcL0xSUUEucG5nIiwic2xpZGVzaG93IjoiNTE5YmViNmYifQ%3D%3D\" href='https:\/\/quali2a.fr\/wp-content\/uploads\/2023\/01\/LRQA.png'><img decoding=\"async\" width=\"400\" height=\"125\" src=\"https:\/\/quali2a.fr\/wp-content\/uploads\/2023\/01\/LRQA.png\" alt=\"\" loading=\"lazy\" srcset=\"https:\/\/quali2a.fr\/wp-content\/uploads\/2023\/01\/LRQA.png 400w, https:\/\/quali2a.fr\/wp-content\/uploads\/2023\/01\/LRQA-300x94.png 300w\" sizes=\"auto, (max-width: 400px) 100vw, 400px\" \/><\/a><br \/>\n\t\t\t<\/figure>\n<figure class='gallery-item'>\n\t\t\t\t<a data-elementor-open-lightbox=\"yes\" data-elementor-lightbox-slideshow=\"519beb6f\" data-elementor-lightbox-title=\"DDB-Q.jpg-1\" e-action-hash=\"#elementor-action%3Aaction%3Dlightbox%26settings%3DeyJpZCI6MTkzLCJ1cmwiOiJodHRwczpcL1wvcXVhbGkyYS5mclwvd3AtY29udGVudFwvdXBsb2Fkc1wvMjAyM1wvMDFcL0REQi1RLmpwZy0xLnBuZyIsInNsaWRlc2hvdyI6IjUxOWJlYjZmIn0%3D\" href='https:\/\/quali2a.fr\/wp-content\/uploads\/2023\/01\/DDB-Q.jpg-1.png'><img decoding=\"async\" width=\"300\" height=\"150\" src=\"https:\/\/quali2a.fr\/wp-content\/uploads\/2023\/01\/DDB-Q.jpg-1.png\" alt=\"\" loading=\"lazy\" \/><\/a><br \/>\n\t\t\t<\/figure>\n<figure class='gallery-item'>\n\t\t\t\t<a data-elementor-open-lightbox=\"yes\" data-elementor-lightbox-slideshow=\"519beb6f\" data-elementor-lightbox-title=\"centrair\" e-action-hash=\"#elementor-action%3Aaction%3Dlightbox%26settings%3DeyJpZCI6MTkyLCJ1cmwiOiJodHRwczpcL1wvcXVhbGkyYS5mclwvd3AtY29udGVudFwvdXBsb2Fkc1wvMjAyM1wvMDFcL2NlbnRyYWlyLnBuZyIsInNsaWRlc2hvdyI6IjUxOWJlYjZmIn0%3D\" href='https:\/\/quali2a.fr\/wp-content\/uploads\/2023\/01\/centrair.png'><img decoding=\"async\" width=\"2571\" height=\"904\" src=\"https:\/\/quali2a.fr\/wp-content\/uploads\/2023\/01\/centrair.png\" alt=\"\" loading=\"lazy\" srcset=\"https:\/\/quali2a.fr\/wp-content\/uploads\/2023\/01\/centrair.png 2571w, https:\/\/quali2a.fr\/wp-content\/uploads\/2023\/01\/centrair-300x105.png 300w, https:\/\/quali2a.fr\/wp-content\/uploads\/2023\/01\/centrair-1024x360.png 1024w, https:\/\/quali2a.fr\/wp-content\/uploads\/2023\/01\/centrair-768x270.png 768w, https:\/\/quali2a.fr\/wp-content\/uploads\/2023\/01\/centrair-1536x540.png 1536w, https:\/\/quali2a.fr\/wp-content\/uploads\/2023\/01\/centrair-2048x720.png 2048w\" sizes=\"auto, (max-width: 2571px) 100vw, 2571px\" \/><\/a><br \/>\n\t\t\t<\/figure>\n<figure class='gallery-item'>\n\t\t\t\t<a data-elementor-open-lightbox=\"yes\" data-elementor-lightbox-slideshow=\"519beb6f\" data-elementor-lightbox-title=\"apst 18\" e-action-hash=\"#elementor-action%3Aaction%3Dlightbox%26settings%3DeyJpZCI6MTkxLCJ1cmwiOiJodHRwczpcL1wvcXVhbGkyYS5mclwvd3AtY29udGVudFwvdXBsb2Fkc1wvMjAyM1wvMDFcL2Fwc3QtMTgtLnBuZyIsInNsaWRlc2hvdyI6IjUxOWJlYjZmIn0%3D\" href='https:\/\/quali2a.fr\/wp-content\/uploads\/2023\/01\/apst-18-.png'><img decoding=\"async\" width=\"197\" height=\"130\" src=\"https:\/\/quali2a.fr\/wp-content\/uploads\/2023\/01\/apst-18-.png\" alt=\"\" loading=\"lazy\" \/><\/a><br \/>\n\t\t\t<\/figure>\n<figure class='gallery-item'>\n\t\t\t\t<a data-elementor-open-lightbox=\"yes\" data-elementor-lightbox-slideshow=\"519beb6f\" data-elementor-lightbox-title=\"tvi bougault\" e-action-hash=\"#elementor-action%3Aaction%3Dlightbox%26settings%3DeyJpZCI6MjIyLCJ1cmwiOiJodHRwczpcL1wvcXVhbGkyYS5mclwvd3AtY29udGVudFwvdXBsb2Fkc1wvMjAyM1wvMDNcL3R2aS1ib3VnYXVsdC5wbmciLCJzbGlkZXNob3ciOiI1MTliZWI2ZiJ9\" href='https:\/\/quali2a.fr\/wp-content\/uploads\/2023\/03\/tvi-bougault.png'><img decoding=\"async\" width=\"487\" height=\"112\" src=\"https:\/\/quali2a.fr\/wp-content\/uploads\/2023\/03\/tvi-bougault.png\" alt=\"\" loading=\"lazy\" srcset=\"https:\/\/quali2a.fr\/wp-content\/uploads\/2023\/03\/tvi-bougault.png 487w, https:\/\/quali2a.fr\/wp-content\/uploads\/2023\/03\/tvi-bougault-300x69.png 300w\" sizes=\"auto, (max-width: 487px) 100vw, 487px\" \/><\/a><br \/>\n\t\t\t<\/figure>\n<figure class='gallery-item'>\n\t\t\t\t<a data-elementor-open-lightbox=\"yes\" data-elementor-lightbox-slideshow=\"519beb6f\" data-elementor-lightbox-title=\"LRQA\" e-action-hash=\"#elementor-action%3Aaction%3Dlightbox%26settings%3DeyJpZCI6MjIzLCJ1cmwiOiJodHRwczpcL1wvcXVhbGkyYS5mclwvd3AtY29udGVudFwvdXBsb2Fkc1wvMjAyM1wvMDNcL0xSUUEucG5nIiwic2xpZGVzaG93IjoiNTE5YmViNmYifQ%3D%3D\" href='https:\/\/quali2a.fr\/wp-content\/uploads\/2023\/03\/LRQA.png'><img decoding=\"async\" width=\"402\" height=\"125\" src=\"https:\/\/quali2a.fr\/wp-content\/uploads\/2023\/03\/LRQA.png\" alt=\"\" loading=\"lazy\" srcset=\"https:\/\/quali2a.fr\/wp-content\/uploads\/2023\/03\/LRQA.png 402w, https:\/\/quali2a.fr\/wp-content\/uploads\/2023\/03\/LRQA-300x93.png 300w\" sizes=\"auto, (max-width: 402px) 100vw, 402px\" \/><\/a><br \/>\n\t\t\t<\/figure>\n<figure class='gallery-item'>\n\t\t\t\t<a data-elementor-open-lightbox=\"yes\" data-elementor-lightbox-slideshow=\"519beb6f\" data-elementor-lightbox-title=\"DNV\" e-action-hash=\"#elementor-action%3Aaction%3Dlightbox%26settings%3DeyJpZCI6MjI0LCJ1cmwiOiJodHRwczpcL1wvcXVhbGkyYS5mclwvd3AtY29udGVudFwvdXBsb2Fkc1wvMjAyM1wvMDNcL0ROVi5wbmciLCJzbGlkZXNob3ciOiI1MTliZWI2ZiJ9\" href='https:\/\/quali2a.fr\/wp-content\/uploads\/2023\/03\/DNV.png'><img decoding=\"async\" width=\"337\" height=\"149\" src=\"https:\/\/quali2a.fr\/wp-content\/uploads\/2023\/03\/DNV.png\" alt=\"\" loading=\"lazy\" srcset=\"https:\/\/quali2a.fr\/wp-content\/uploads\/2023\/03\/DNV.png 337w, https:\/\/quali2a.fr\/wp-content\/uploads\/2023\/03\/DNV-300x133.png 300w\" sizes=\"auto, (max-width: 337px) 100vw, 337px\" \/><\/a><br \/>\n\t\t\t<\/figure>\n<h2>Les certifications<\/h2>\n<p>\t\t\t\t\t\t\t\t\t\t\t\t\t\t\t<img decoding=\"async\" width=\"725\" height=\"1024\" src=\"https:\/\/quali2a.fr\/wp-content\/uploads\/2023\/04\/EN9100-725x1024.jpg\" alt=\"\" loading=\"lazy\" srcset=\"https:\/\/quali2a.fr\/wp-content\/uploads\/2023\/04\/EN9100-725x1024.jpg 725w, https:\/\/quali2a.fr\/wp-content\/uploads\/2023\/04\/EN9100-212x300.jpg 212w, https:\/\/quali2a.fr\/wp-content\/uploads\/2023\/04\/EN9100-768x1085.jpg 768w, https:\/\/quali2a.fr\/wp-content\/uploads\/2023\/04\/EN9100-1087x1536.jpg 1087w, https:\/\/quali2a.fr\/wp-content\/uploads\/2023\/04\/EN9100-1449x2048.jpg 1449w, https:\/\/quali2a.fr\/wp-content\/uploads\/2023\/04\/EN9100-scaled.jpg 1812w\" sizes=\"auto, (max-width: 725px) 100vw, 725px\" \/><br \/>\n\t\t\t\t\t\t\t\t\t\t\t\t\t\t\t<img decoding=\"async\" width=\"725\" height=\"1024\" src=\"https:\/\/quali2a.fr\/wp-content\/uploads\/2023\/04\/ISO9001-725x1024.jpg\" alt=\"\" loading=\"lazy\" srcset=\"https:\/\/quali2a.fr\/wp-content\/uploads\/2023\/04\/ISO9001-725x1024.jpg 725w, https:\/\/quali2a.fr\/wp-content\/uploads\/2023\/04\/ISO9001-212x300.jpg 212w, https:\/\/quali2a.fr\/wp-content\/uploads\/2023\/04\/ISO9001-768x1085.jpg 768w, https:\/\/quali2a.fr\/wp-content\/uploads\/2023\/04\/ISO9001-1087x1536.jpg 1087w, https:\/\/quali2a.fr\/wp-content\/uploads\/2023\/04\/ISO9001-1449x2048.jpg 1449w, https:\/\/quali2a.fr\/wp-content\/uploads\/2023\/04\/ISO9001-scaled.jpg 1812w\" sizes=\"auto, (max-width: 725px) 100vw, 725px\" \/><br \/>\n\t\t\t\t\t\t\t\t\t\t\t\t\t\t\t<img decoding=\"async\" width=\"725\" height=\"1024\" src=\"https:\/\/quali2a.fr\/wp-content\/uploads\/2023\/04\/ISO19443-725x1024.jpg\" alt=\"\" loading=\"lazy\" srcset=\"https:\/\/quali2a.fr\/wp-content\/uploads\/2023\/04\/ISO19443-725x1024.jpg 725w, https:\/\/quali2a.fr\/wp-content\/uploads\/2023\/04\/ISO19443-212x300.jpg 212w, https:\/\/quali2a.fr\/wp-content\/uploads\/2023\/04\/ISO19443-768x1085.jpg 768w, https:\/\/quali2a.fr\/wp-content\/uploads\/2023\/04\/ISO19443-1087x1536.jpg 1087w, https:\/\/quali2a.fr\/wp-content\/uploads\/2023\/04\/ISO19443-1449x2048.jpg 1449w, https:\/\/quali2a.fr\/wp-content\/uploads\/2023\/04\/ISO19443-scaled.jpg 1812w\" sizes=\"auto, (max-width: 725px) 100vw, 725px\" \/><br \/>\n\t\t\t\t\t\t\t\t\t\t\t\t\t\t\t<img decoding=\"async\" width=\"725\" height=\"1024\" src=\"https:\/\/quali2a.fr\/wp-content\/uploads\/2023\/04\/ISO14001-725x1024.jpg\" alt=\"\" loading=\"lazy\" srcset=\"https:\/\/quali2a.fr\/wp-content\/uploads\/2023\/04\/ISO14001-725x1024.jpg 725w, https:\/\/quali2a.fr\/wp-content\/uploads\/2023\/04\/ISO14001-212x300.jpg 212w, https:\/\/quali2a.fr\/wp-content\/uploads\/2023\/04\/ISO14001-768x1085.jpg 768w, https:\/\/quali2a.fr\/wp-content\/uploads\/2023\/04\/ISO14001-1087x1536.jpg 1087w, https:\/\/quali2a.fr\/wp-content\/uploads\/2023\/04\/ISO14001-1449x2048.jpg 1449w, https:\/\/quali2a.fr\/wp-content\/uploads\/2023\/04\/ISO14001-scaled.jpg 1812w\" sizes=\"auto, (max-width: 725px) 100vw, 725px\" \/><br \/>\n\t\t\t\t\t\t\t\t\t\t\t\t\t\t\t<img decoding=\"async\" width=\"725\" height=\"1024\" src=\"https:\/\/quali2a.fr\/wp-content\/uploads\/2023\/04\/ISO45001-2-725x1024.jpg\" alt=\"\" loading=\"lazy\" srcset=\"https:\/\/quali2a.fr\/wp-content\/uploads\/2023\/04\/ISO45001-2-725x1024.jpg 725w, https:\/\/quali2a.fr\/wp-content\/uploads\/2023\/04\/ISO45001-2-212x300.jpg 212w, https:\/\/quali2a.fr\/wp-content\/uploads\/2023\/04\/ISO45001-2-768x1085.jpg 768w, https:\/\/quali2a.fr\/wp-content\/uploads\/2023\/04\/ISO45001-2-1087x1536.jpg 1087w, https:\/\/quali2a.fr\/wp-content\/uploads\/2023\/04\/ISO45001-2-1449x2048.jpg 1449w, https:\/\/quali2a.fr\/wp-content\/uploads\/2023\/04\/ISO45001-2-scaled.jpg 1812w\" sizes=\"auto, (max-width: 725px) 100vw, 725px\" \/><br \/>\n\t\t\t\t\t\t\t\t\t\t\t\t\t\t\t<img decoding=\"async\" width=\"725\" height=\"1024\" src=\"https:\/\/quali2a.fr\/wp-content\/uploads\/2023\/04\/MOOC-ISO500-725x1024.jpg\" alt=\"\" loading=\"lazy\" srcset=\"https:\/\/quali2a.fr\/wp-content\/uploads\/2023\/04\/MOOC-ISO500-725x1024.jpg 725w, https:\/\/quali2a.fr\/wp-content\/uploads\/2023\/04\/MOOC-ISO500-212x300.jpg 212w, https:\/\/quali2a.fr\/wp-content\/uploads\/2023\/04\/MOOC-ISO500-768x1085.jpg 768w, https:\/\/quali2a.fr\/wp-content\/uploads\/2023\/04\/MOOC-ISO500-1087x1536.jpg 1087w, https:\/\/quali2a.fr\/wp-content\/uploads\/2023\/04\/MOOC-ISO500-1449x2048.jpg 1449w, https:\/\/quali2a.fr\/wp-content\/uploads\/2023\/04\/MOOC-ISO500-scaled.jpg 1812w\" sizes=\"auto, (max-width: 725px) 100vw, 725px\" \/><br \/>\n\t\t\t\t\t\t\t\t\t\t\t\t\t\t\t<img decoding=\"async\" width=\"725\" height=\"1024\" src=\"https:\/\/quali2a.fr\/wp-content\/uploads\/2023\/04\/PCR-niv2-nucleaire-725x1024.jpg\" alt=\"\" loading=\"lazy\" srcset=\"https:\/\/quali2a.fr\/wp-content\/uploads\/2023\/04\/PCR-niv2-nucleaire-725x1024.jpg 725w, https:\/\/quali2a.fr\/wp-content\/uploads\/2023\/04\/PCR-niv2-nucleaire-212x300.jpg 212w, https:\/\/quali2a.fr\/wp-content\/uploads\/2023\/04\/PCR-niv2-nucleaire-768x1085.jpg 768w, https:\/\/quali2a.fr\/wp-content\/uploads\/2023\/04\/PCR-niv2-nucleaire-1087x1536.jpg 1087w, https:\/\/quali2a.fr\/wp-content\/uploads\/2023\/04\/PCR-niv2-nucleaire-1449x2048.jpg 1449w, https:\/\/quali2a.fr\/wp-content\/uploads\/2023\/04\/PCR-niv2-nucleaire-scaled.jpg 1812w\" sizes=\"auto, (max-width: 725px) 100vw, 725px\" \/><br \/>\n\t\t\t\t\t\t\t\t\t\t\t\t\t\t\t<img decoding=\"async\" width=\"725\" height=\"1024\" src=\"https:\/\/quali2a.fr\/wp-content\/uploads\/2023\/04\/PCR-niv2-S-nsc-et-S-sc-industrie-725x1024.jpg\" alt=\"\" loading=\"lazy\" srcset=\"https:\/\/quali2a.fr\/wp-content\/uploads\/2023\/04\/PCR-niv2-S-nsc-et-S-sc-industrie-725x1024.jpg 725w, https:\/\/quali2a.fr\/wp-content\/uploads\/2023\/04\/PCR-niv2-S-nsc-et-S-sc-industrie-212x300.jpg 212w, https:\/\/quali2a.fr\/wp-content\/uploads\/2023\/04\/PCR-niv2-S-nsc-et-S-sc-industrie-768x1085.jpg 768w, https:\/\/quali2a.fr\/wp-content\/uploads\/2023\/04\/PCR-niv2-S-nsc-et-S-sc-industrie-1087x1536.jpg 1087w, https:\/\/quali2a.fr\/wp-content\/uploads\/2023\/04\/PCR-niv2-S-nsc-et-S-sc-industrie-1449x2048.jpg 1449w, https:\/\/quali2a.fr\/wp-content\/uploads\/2023\/04\/PCR-niv2-S-nsc-et-S-sc-industrie-scaled.jpg 1812w\" sizes=\"auto, (max-width: 725px) 100vw, 725px\" \/>\t\t\t\t\t\t\t\t\t\t\t\t\t\t\t<\/p>\n<p>\u00c0 venir\u2026<\/p>\n<p>Contactez nous<\/p>\n<p>\t\t[wpforms id=&#8221;57&#8243; title=&#8221;false&#8221; description=&#8221;false&#8221;]<\/p>\n<p>Quali2a c&#8217;est avant tout une approche personnalis\u00e9e de votre syst\u00e8me qualit\u00e9.<\/p>\n<figure class='gallery-item'>\n\t\t\t\t<a data-elementor-open-lightbox=\"yes\" data-elementor-lightbox-slideshow=\"6c370be\" data-elementor-lightbox-title=\"GIR logo\" e-action-hash=\"#elementor-action%3Aaction%3Dlightbox%26settings%3DeyJpZCI6MjA2LCJ1cmwiOiJodHRwczpcL1wvcXVhbGkyYS5mclwvd3AtY29udGVudFwvdXBsb2Fkc1wvMjAyM1wvMDFcL0dJUi1sb2dvLnBuZyIsInNsaWRlc2hvdyI6IjZjMzcwYmUifQ%3D%3D\" href='https:\/\/quali2a.fr\/wp-content\/uploads\/2023\/01\/GIR-logo.png'><img decoding=\"async\" width=\"150\" height=\"150\" src=\"https:\/\/quali2a.fr\/wp-content\/uploads\/2023\/01\/GIR-logo-150x150.png\" alt=\"\" loading=\"lazy\" srcset=\"https:\/\/quali2a.fr\/wp-content\/uploads\/2023\/01\/GIR-logo-150x150.png 150w, https:\/\/quali2a.fr\/wp-content\/uploads\/2023\/01\/GIR-logo-300x300.png 300w, https:\/\/quali2a.fr\/wp-content\/uploads\/2023\/01\/GIR-logo-1024x1024.png 1024w, https:\/\/quali2a.fr\/wp-content\/uploads\/2023\/01\/GIR-logo-768x768.png 768w, https:\/\/quali2a.fr\/wp-content\/uploads\/2023\/01\/GIR-logo.png 1200w\" sizes=\"auto, (max-width: 150px) 100vw, 150px\" \/><\/a><br \/>\n\t\t\t<\/figure>\n<figure class='gallery-item'>\n\t\t\t\t<a data-elementor-open-lightbox=\"yes\" data-elementor-lightbox-slideshow=\"6c370be\" data-elementor-lightbox-title=\"french fab rond\" e-action-hash=\"#elementor-action%3Aaction%3Dlightbox%26settings%3DeyJpZCI6MjEyLCJ1cmwiOiJodHRwczpcL1wvcXVhbGkyYS5mclwvd3AtY29udGVudFwvdXBsb2Fkc1wvMjAyM1wvMDFcL2ZyZW5jaC1mYWItcm9uZC5wbmciLCJzbGlkZXNob3ciOiI2YzM3MGJlIn0%3D\" href='https:\/\/quali2a.fr\/wp-content\/uploads\/2023\/01\/french-fab-rond.png'><img decoding=\"async\" width=\"150\" height=\"150\" src=\"https:\/\/quali2a.fr\/wp-content\/uploads\/2023\/01\/french-fab-rond-150x150.png\" alt=\"\" loading=\"lazy\" srcset=\"https:\/\/quali2a.fr\/wp-content\/uploads\/2023\/01\/french-fab-rond-150x150.png 150w, https:\/\/quali2a.fr\/wp-content\/uploads\/2023\/01\/french-fab-rond-300x300.png 300w, https:\/\/quali2a.fr\/wp-content\/uploads\/2023\/01\/french-fab-rond.png 396w\" sizes=\"auto, (max-width: 150px) 100vw, 150px\" \/><\/a><br \/>\n\t\t\t<\/figure>\n<figure class='gallery-item'>\n\t\t\t\t<a data-elementor-open-lightbox=\"yes\" data-elementor-lightbox-slideshow=\"6c370be\" data-elementor-lightbox-title=\"a\u00e9rocentre\" e-action-hash=\"#elementor-action%3Aaction%3Dlightbox%26settings%3DeyJpZCI6MTg5LCJ1cmwiOiJodHRwczpcL1wvcXVhbGkyYS5mclwvd3AtY29udGVudFwvdXBsb2Fkc1wvMjAyM1wvMDFcL2Flcm9jZW50cmUuanBlZyIsInNsaWRlc2hvdyI6IjZjMzcwYmUifQ%3D%3D\" href='https:\/\/quali2a.fr\/wp-content\/uploads\/2023\/01\/aerocentre.jpeg'><img decoding=\"async\" width=\"150\" height=\"150\" src=\"https:\/\/quali2a.fr\/wp-content\/uploads\/2023\/01\/aerocentre-150x150.jpeg\" alt=\"\" loading=\"lazy\" srcset=\"https:\/\/quali2a.fr\/wp-content\/uploads\/2023\/01\/aerocentre-150x150.jpeg 150w, https:\/\/quali2a.fr\/wp-content\/uploads\/2023\/01\/aerocentre-300x300.jpeg 300w, https:\/\/quali2a.fr\/wp-content\/uploads\/2023\/01\/aerocentre.jpeg 400w\" sizes=\"auto, (max-width: 150px) 100vw, 150px\" \/><\/a><br \/>\n\t\t\t<\/figure>\n","protected":false},"excerpt":{"rendered":"<p>Quali2A Audit et Accompagnement en syst\u00e8mes qualit\u00e9. En savoir plus \u00c0 propos de nous Plus de\u00a030 ans d\u2019exp\u00e9rience\u00a0 EN\u00a0industrie automobile et a\u00e9ronautique, Jean-Marc BERNARD propose ses services. Ses domaines de pr\u00e9dilection : Plasturgie Composites M\u00e9caniques Automatisation et robotisation Nous contacter Nos services Conseils Vous apporter de la valeur ajout\u00e9e technique sur mes diff\u00e9rents domaines d&#8217;expertises. [&hellip;]<\/p>\n","protected":false},"author":1,"featured_media":53,"parent":0,"menu_order":0,"comment_status":"closed","ping_status":"closed","template":"elementor_header_footer","meta":{"footnotes":""},"class_list":["post-36","page","type-page","status-publish","has-post-thumbnail","hentry"],"_links":{"self":[{"href":"https:\/\/quali2a.fr\/index.php\/wp-json\/wp\/v2\/pages\/36","targetHints":{"allow":["GET"]}}],"collection":[{"href":"https:\/\/quali2a.fr\/index.php\/wp-json\/wp\/v2\/pages"}],"about":[{"href":"https:\/\/quali2a.fr\/index.php\/wp-json\/wp\/v2\/types\/page"}],"author":[{"embeddable":true,"href":"https:\/\/quali2a.fr\/index.php\/wp-json\/wp\/v2\/users\/1"}],"replies":[{"embeddable":true,"href":"https:\/\/quali2a.fr\/index.php\/wp-json\/wp\/v2\/comments?post=36"}],"version-history":[{"count":143,"href":"https:\/\/quali2a.fr\/index.php\/wp-json\/wp\/v2\/pages\/36\/revisions"}],"predecessor-version":[{"id":266,"href":"https:\/\/quali2a.fr\/index.php\/wp-json\/wp\/v2\/pages\/36\/revisions\/266"}],"wp:featuredmedia":[{"embeddable":true,"href":"https:\/\/quali2a.fr\/index.php\/wp-json\/wp\/v2\/media\/53"}],"wp:attachment":[{"href":"https:\/\/quali2a.fr\/index.php\/wp-json\/wp\/v2\/media?parent=36"}],"curies":[{"name":"wp","href":"https:\/\/api.w.org\/{rel}","templated":true}]}}